{"id":12,"date":"2021-02-11T20:34:23","date_gmt":"2021-02-11T20:34:23","guid":{"rendered":"https:\/\/www.neuronpd.com\/?page_id=12"},"modified":"2021-02-19T15:56:04","modified_gmt":"2021-02-19T15:56:04","slug":"our-story","status":"publish","type":"page","link":"https:\/\/www.neuronpd.com\/pt\/our-story\/","title":{"rendered":"Nossa Hist\u00f3ria"},"content":{"rendered":"<div data-elementor-type=\"wp-page\" data-elementor-id=\"12\" class=\"elementor elementor-12\">\n\t\t\t\t\t\t\t\t\t<section class=\"elementor-section elementor-top-section elementor-element elementor-element-28402e2 elementor-section-boxed elementor-section-height-default elementor-section-height-default\" data-id=\"28402e2\" data-element_type=\"section\">\n\t\t\t\t\t\t<div class=\"elementor-container elementor-column-gap-default\">\n\t\t\t\t\t<div class=\"elementor-column elementor-col-100 elementor-top-column elementor-element elementor-element-b4ee300\" data-id=\"b4ee300\" data-element_type=\"column\">\n\t\t\t<div class=\"elementor-widget-wrap elementor-element-populated\">\n\t\t\t\t\t\t\t\t<div class=\"elementor-element elementor-element-16d8091 elementor-widget elementor-widget-heading\" data-id=\"16d8091\" data-element_type=\"widget\" data-widget_type=\"heading.default\">\n\t\t\t\t<div class=\"elementor-widget-container\">\n\t\t\t<h2 class=\"elementor-heading-title elementor-size-default\">Sobre n\u00f3s<\/h2>\t\t<\/div>\n\t\t\t\t<\/div>\n\t\t\t\t<div class=\"elementor-element elementor-element-05eb5da elementor-widget elementor-widget-text-editor\" data-id=\"05eb5da\" data-element_type=\"widget\" data-widget_type=\"text-editor.default\">\n\t\t\t\t<div class=\"elementor-widget-container\">\n\t\t\t\t\t\t\t<p>Neuronpd foi Fundado em 2021, nosso DNA \u00e9 inovador. Estamos focados em oferecer o que h\u00e1 de mais moderno em solu\u00e7\u00f5es de dados, digital e tecnologia de IA aos nossos clientes. Somos especialistas em Aprendizado de M\u00e1quina e Deep Learning. Podemos realizar todo o trabalho de An\u00e1lise de Dados e interpreta\u00e7\u00e3o dos dados que o ajudar\u00e1 a encontrar insights para obter vantagens competitivas e mais importante, podemos \u201cagir\u201d fechando o ciclo para colocar a previs\u00e3o onde \u00e9 desejada.<\/p>\t\t\t\t\t\t<\/div>\n\t\t\t\t<\/div>\n\t\t\t\t\t<\/div>\n\t\t<\/div>\n\t\t\t\t\t\t\t<\/div>\n\t\t<\/section>\n\t\t\t\t<section class=\"elementor-section elementor-top-section elementor-element elementor-element-6d52612 elementor-section-boxed elementor-section-height-default elementor-section-height-default\" data-id=\"6d52612\" data-element_type=\"section\">\n\t\t\t\t\t\t<div class=\"elementor-container elementor-column-gap-default\">\n\t\t\t\t\t<div class=\"elementor-column elementor-col-33 elementor-top-column elementor-element elementor-element-8e92e54\" data-id=\"8e92e54\" data-element_type=\"column\">\n\t\t\t<div class=\"elementor-widget-wrap\">\n\t\t\t\t\t\t\t\t\t<\/div>\n\t\t<\/div>\n\t\t\t\t<div class=\"elementor-column elementor-col-33 elementor-top-column elementor-element elementor-element-727f5a2\" data-id=\"727f5a2\" data-element_type=\"column\">\n\t\t\t<div class=\"elementor-widget-wrap elementor-element-populated\">\n\t\t\t\t\t\t\t\t<div class=\"elementor-element elementor-element-93049ff elementor-widget elementor-widget-image\" data-id=\"93049ff\" data-element_type=\"widget\" data-widget_type=\"image.default\">\n\t\t\t\t<div class=\"elementor-widget-container\">\n\t\t\t\t\t\t\t\t\t\t\t\t\t\t\t<img loading=\"lazy\" decoding=\"async\" width=\"600\" height=\"566\" src=\"https:\/\/www.neuronpd.com\/wp-content\/uploads\/2021\/02\/graphic-6.png\" class=\"attachment-large size-large wp-image-637\" alt=\"\" srcset=\"https:\/\/www.neuronpd.com\/wp-content\/uploads\/2021\/02\/graphic-6.png 600w, https:\/\/www.neuronpd.com\/wp-content\/uploads\/2021\/02\/graphic-6-300x283.png 300w\" sizes=\"auto, (max-width: 600px) 100vw, 600px\" \/>\t\t\t\t\t\t\t\t\t\t\t\t\t\t\t<\/div>\n\t\t\t\t<\/div>\n\t\t\t\t\t<\/div>\n\t\t<\/div>\n\t\t\t\t<div class=\"elementor-column elementor-col-33 elementor-top-column elementor-element elementor-element-07700c3\" data-id=\"07700c3\" data-element_type=\"column\">\n\t\t\t<div class=\"elementor-widget-wrap\">\n\t\t\t\t\t\t\t\t\t<\/div>\n\t\t<\/div>\n\t\t\t\t\t\t\t<\/div>\n\t\t<\/section>\n\t\t\t\t\t\t\t<\/div>","protected":false},"excerpt":{"rendered":"<p>About us Neuronpd was founded in 2021. Our DNA is innovative. We are focused in offering the state of art of data, digital and AI technology solutions to our customers. We are experts in Machine Learning and Deep Learning. We can undertake Data Science and Data Analytic work that will help you find insights to&#8230;<\/p>","protected":false},"author":1,"featured_media":0,"parent":0,"menu_order":0,"comment_status":"closed","ping_status":"closed","template":"","meta":{"_kad_post_transparent":"","_kad_post_title":"hide","_kad_post_layout":"fullwidth","_kad_post_sidebar_id":"","_kad_post_content_style":"unboxed","_kad_post_vertical_padding":"hide","_kad_post_feature":"hide","_kad_post_feature_position":"","_kad_post_header":false,"_kad_post_footer":false,"footnotes":""},"class_list":["post-12","page","type-page","status-publish","hentry"],"_links":{"self":[{"href":"https:\/\/www.neuronpd.com\/pt\/wp-json\/wp\/v2\/pages\/12","targetHints":{"allow":["GET"]}}],"collection":[{"href":"https:\/\/www.neuronpd.com\/pt\/wp-json\/wp\/v2\/pages"}],"about":[{"href":"https:\/\/www.neuronpd.com\/pt\/wp-json\/wp\/v2\/types\/page"}],"author":[{"embeddable":true,"href":"https:\/\/www.neuronpd.com\/pt\/wp-json\/wp\/v2\/users\/1"}],"replies":[{"embeddable":true,"href":"https:\/\/www.neuronpd.com\/pt\/wp-json\/wp\/v2\/comments?post=12"}],"version-history":[{"count":13,"href":"https:\/\/www.neuronpd.com\/pt\/wp-json\/wp\/v2\/pages\/12\/revisions"}],"predecessor-version":[{"id":749,"href":"https:\/\/www.neuronpd.com\/pt\/wp-json\/wp\/v2\/pages\/12\/revisions\/749"}],"wp:attachment":[{"href":"https:\/\/www.neuronpd.com\/pt\/wp-json\/wp\/v2\/media?parent=12"}],"curies":[{"name":"wp","href":"https:\/\/api.w.org\/{rel}","templated":true}]}}